{"id":3200,"date":"2020-08-26T05:50:26","date_gmt":"2020-08-26T05:50:26","guid":{"rendered":"https:\/\/interliftelektronik.com\/tr\/?page_id=3200"},"modified":"2022-12-20T15:42:00","modified_gmt":"2022-12-20T15:42:00","slug":"arcode","status":"publish","type":"page","link":"https:\/\/www.interliftelektronik.com\/tr\/arcode\/","title":{"rendered":"Arcode"},"content":{"rendered":"\t\t<div data-elementor-type=\"wp-page\" data-elementor-id=\"3200\" class=\"elementor elementor-3200\">\n\t\t\t\t\t\t\t\t\t<section class=\"elementor-section elementor-top-section elementor-element elementor-element-d767700 elementor-section-full_width elementor-section-height-default elementor-section-height-default\" data-id=\"d767700\" data-element_type=\"section\">\n\t\t\t\t\t\t<div class=\"elementor-container elementor-column-gap-no\">\n\t\t\t\t\t<div class=\"elementor-column elementor-col-100 elementor-top-column elementor-element elementor-element-0167eff\" data-id=\"0167eff\" data-element_type=\"column\">\n\t\t\t<div class=\"elementor-widget-wrap elementor-element-populated\">\n\t\t\t\t\t\t\t\t<div class=\"elementor-element elementor-element-dc43e24 elementor-widget elementor-widget-text-editor\" data-id=\"dc43e24\" data-element_type=\"widget\" data-widget_type=\"text-editor.default\">\n\t\t\t\t<div class=\"elementor-widget-container\">\n\t\t\t<style>\/*! elementor - v3.14.0 - 26-06-2023 *\/\n.elementor-widget-text-editor.elementor-drop-cap-view-stacked .elementor-drop-cap{background-color:#69727d;color:#fff}.elementor-widget-text-editor.elementor-drop-cap-view-framed .elementor-drop-cap{color:#69727d;border:3px solid;background-color:transparent}.elementor-widget-text-editor:not(.elementor-drop-cap-view-default) .elementor-drop-cap{margin-top:8px}.elementor-widget-text-editor:not(.elementor-drop-cap-view-default) .elementor-drop-cap-letter{width:1em;height:1em}.elementor-widget-text-editor .elementor-drop-cap{float:left;text-align:center;line-height:1;font-size:50px}.elementor-widget-text-editor .elementor-drop-cap-letter{display:inline-block}<\/style>\t\t\t\t<p><a href=\"https:\/\/www.interliftelektronik.com\/tr\/wp-content\/uploads\/2022\/12\/arcode-asansor-kumanda-panosu-34.jpg\"><img loading=\"lazy\" decoding=\"async\" class=\"alignnone wp-image-3806\" src=\"https:\/\/www.interliftelektronik.com\/tr\/wp-content\/uploads\/2022\/12\/arcode-asansor-kumanda-panosu-34.jpg\" alt=\"\" width=\"246\" height=\"400\" srcset=\"https:\/\/www.interliftelektronik.com\/tr\/wp-content\/uploads\/2022\/12\/arcode-asansor-kumanda-panosu-34.jpg 500w, https:\/\/www.interliftelektronik.com\/tr\/wp-content\/uploads\/2022\/12\/arcode-asansor-kumanda-panosu-34-185x300.jpg 185w\" sizes=\"auto, (max-width: 246px) 100vw, 246px\" \/><\/a><\/p>\n<ul>\n<li><span style=\"color: #000000;\">EN 81-20\/50 standartlar\u0131na uyumlu<\/span><\/li>\n<li><span style=\"color: #000000;\">Di\u015flili &amp; Di\u015flisiz makinelere uygun&nbsp;<\/span><\/li>\n<li><span style=\"color: #000000;\">4 m\/s h\u0131z &amp; 64 durak<\/span><\/li>\n<li><span style=\"color: #000000;\">Seri ve paralel Sistem uyumlu<\/span><\/li>\n<li><span style=\"color: #000000;\">\u00c7ift kap\u0131 deste\u011fi<\/span><\/li>\n<li><span style=\"color: #000000;\">Sekizli grup kumanda<\/span><\/li>\n<li><span style=\"color: #000000;\">Direkt duru\u015f hassasiyeti<\/span><\/li>\n<li><span style=\"color: #000000;\">UPS ya da ak\u00fc ile kurtarma<\/span><\/li>\n<li><span style=\"color: #000000;\">Uzaktan eri\u015fim kontrol\u00fc<\/span><\/li>\n<li><span style=\"color: #000000;\">Pano ayd\u0131nlatma<\/span><\/li>\n<li><span style=\"color: #000000;\">\u00c7oklu dil deste\u011fi<\/span><\/li>\n<\/ul>\t\t\t\t\t\t<\/div>\n\t\t\t\t<\/div>\n\t\t\t\t\t<\/div>\n\t\t<\/div>\n\t\t\t\t\t\t\t<\/div>\n\t\t<\/section>\n\t\t\t\t\t\t\t<\/div>\n\t\t","protected":false},"excerpt":{"rendered":"<p>EN 81-20\/50 standartlar\u0131na uyumlu Di\u015flili &amp; Di\u015flisiz makinelere uygun&nbsp; 4 m\/s h\u0131z &amp; 64 durak Seri ve paralel Sistem uyumlu \u00c7ift kap\u0131 deste\u011fi Sekizli grup kumanda Direkt duru\u015f hassasiyeti UPS ya da ak\u00fc ile kurtarma Uzaktan eri\u015fim kontrol\u00fc Pano ayd\u0131nlatma \u00c7oklu dil deste\u011fi<\/p>\n","protected":false},"author":1,"featured_media":0,"parent":0,"menu_order":0,"comment_status":"closed","ping_status":"closed","template":"page-sidebar.php","meta":{"footnotes":""},"class_list":["post-3200","page","type-page","status-publish","hentry"],"acf":[],"_links":{"self":[{"href":"https:\/\/www.interliftelektronik.com\/tr\/wp-json\/wp\/v2\/pages\/3200","targetHints":{"allow":["GET"]}}],"collection":[{"href":"https:\/\/www.interliftelektronik.com\/tr\/wp-json\/wp\/v2\/pages"}],"about":[{"href":"https:\/\/www.interliftelektronik.com\/tr\/wp-json\/wp\/v2\/types\/page"}],"author":[{"embeddable":true,"href":"https:\/\/www.interliftelektronik.com\/tr\/wp-json\/wp\/v2\/users\/1"}],"replies":[{"embeddable":true,"href":"https:\/\/www.interliftelektronik.com\/tr\/wp-json\/wp\/v2\/comments?post=3200"}],"version-history":[{"count":13,"href":"https:\/\/www.interliftelektronik.com\/tr\/wp-json\/wp\/v2\/pages\/3200\/revisions"}],"predecessor-version":[{"id":4319,"href":"https:\/\/www.interliftelektronik.com\/tr\/wp-json\/wp\/v2\/pages\/3200\/revisions\/4319"}],"wp:attachment":[{"href":"https:\/\/www.interliftelektronik.com\/tr\/wp-json\/wp\/v2\/media?parent=3200"}],"curies":[{"name":"wp","href":"https:\/\/api.w.org\/{rel}","templated":true}]}}