{"id":2688,"date":"2020-08-26T05:50:26","date_gmt":"2020-08-26T05:50:26","guid":{"rendered":"https:\/\/www.devsnews.com\/wp\/bildpress\/?page_id=49"},"modified":"2022-12-20T16:21:56","modified_gmt":"2022-12-20T16:21:56","slug":"hakkimizda","status":"publish","type":"page","link":"https:\/\/www.interliftelektronik.com\/tr\/hakkimizda\/","title":{"rendered":"Hakk\u0131m\u0131zda"},"content":{"rendered":"\t\t<div data-elementor-type=\"wp-page\" data-elementor-id=\"2688\" class=\"elementor elementor-2688\">\n\t\t\t\t\t\t\t\t\t<section class=\"elementor-section elementor-top-section elementor-element elementor-element-8bc41b0 elementor-section-full_width elementor-section-height-default elementor-section-height-default\" data-id=\"8bc41b0\" data-element_type=\"section\">\n\t\t\t\t\t\t<div class=\"elementor-container elementor-column-gap-no\">\n\t\t\t\t\t<div class=\"elementor-column elementor-col-100 elementor-top-column elementor-element elementor-element-3fb647b\" data-id=\"3fb647b\" data-element_type=\"column\">\n\t\t\t<div class=\"elementor-widget-wrap elementor-element-populated\">\n\t\t\t\t\t\t\t\t<div class=\"elementor-element elementor-element-25e5592 elementor-widget elementor-widget-about bdevs-el about\" data-id=\"25e5592\" data-element_type=\"widget\" data-settings=\"{&quot;design_style&quot;:&quot;style_7&quot;}\" data-widget_type=\"about.default\">\n\t\t\t\t<div class=\"elementor-widget-container\">\n\t\t\t\r\n        \r\n        <section class=\"about-area\">\r\n            <div class=\"container\">\r\n                <div class=\"row align-items-center wow fadeInUp2\">\r\n                    <div class=\"col-lg-6\">\r\n                        <div class=\"about-img p-relative mr-30 mb-30\">\r\n                            <div class=\"row\">\r\n                                <div class=\"col-lg-12\">\r\n                                    <div class=\"about-img-slider about-active owl-carousel mb-20\">\r\n                                                                                <div class=\"about-slide-img\">\r\n                                            <a href=\"\"><img decoding=\"async\" src=\"https:\/\/www.interliftelektronik.com\/tr\/wp-content\/uploads\/2022\/12\/hakkimizda-focus.jpg\" alt=\"\"><\/a>\r\n                                        <\/div>\r\n                                                                                <div class=\"about-slide-img\">\r\n                                            <a href=\"\"><img decoding=\"async\" src=\"https:\/\/www.interliftelektronik.com\/tr\/wp-content\/uploads\/2022\/12\/hakkimizda-hd.jpg\" alt=\"\"><\/a>\r\n                                        <\/div>\r\n                                                                                <div class=\"about-slide-img\">\r\n                                            <a href=\"#\"><img decoding=\"async\" src=\"https:\/\/www.interliftelektronik.com\/tr\/wp-content\/uploads\/2022\/12\/hakkimizda-revo.jpg\" alt=\"\"><\/a>\r\n                                        <\/div>\r\n                                                                                <div class=\"about-slide-img\">\r\n                                            <a href=\"\"><img decoding=\"async\" src=\"https:\/\/www.interliftelektronik.com\/tr\/wp-content\/uploads\/2022\/12\/hakkimizda-arcode.jpg\" alt=\"\"><\/a>\r\n                                        <\/div>\r\n                                                                                <div class=\"about-slide-img\">\r\n                                            <a href=\"#\"><img decoding=\"async\" src=\"https:\/\/www.interliftelektronik.com\/tr\/wp-content\/uploads\/2022\/12\/hakkimizda-intro.jpg\" alt=\"\"><\/a>\r\n                                        <\/div>\r\n                                                                            <\/div>\r\n\r\n                                <\/div>\r\n                                                            <\/div>\r\n                        <\/div>\r\n                    <\/div>\r\n                    <div class=\"col-lg-6\">\r\n                        <div class=\"about-content mb-30 bdevs-el-content\">\r\n                            <h2 class=\"section-title bdevs-el-title section-title-o mb-30 bdevs-el-title\">\u0130nterlift Elektronik San. Tic. Ltd. \u015eti<\/h2>                                                            <p class=\"mb-45\">Asans\u00f6r sekt\u00f6r\u00fcnde 20 y\u0131ll\u0131k tecr\u00fcbenin getirisi ile birlikte kurmu\u015f oldu\u011fumuz \u0130nterlift Elektronik firmam\u0131zda asans\u00f6r kumanda panosu alan\u0131nda hizmet vermekteyiz. \n\n<\/p>\r\n                             \r\n\r\n                            <div class=\"about-author\">\r\n                                \r\n                                <div class=\"about-author-nd p-relative pt-10\">\r\n                                    \r\n                                    \r\n                                                                    <\/div>\r\n                            <\/div>\r\n                        <\/div>\r\n                    <\/div>\r\n                <\/div>\r\n            <\/div>\r\n        <\/section>\r\n\r\n        \r\n        \t\t<\/div>\n\t\t\t\t<\/div>\n\t\t\t\t\t<\/div>\n\t\t<\/div>\n\t\t\t\t\t\t\t<\/div>\n\t\t<\/section>\n\t\t\t\t<section class=\"elementor-section elementor-top-section elementor-element elementor-element-d162571 elementor-section-boxed elementor-section-height-default elementor-section-height-default\" data-id=\"d162571\" data-element_type=\"section\">\n\t\t\t\t\t\t<div class=\"elementor-container elementor-column-gap-no\">\n\t\t\t\t\t<div class=\"elementor-column elementor-col-100 elementor-top-column elementor-element elementor-element-7b580cb\" data-id=\"7b580cb\" data-element_type=\"column\">\n\t\t\t<div class=\"elementor-widget-wrap elementor-element-populated\">\n\t\t\t\t\t\t\t\t<div class=\"elementor-element elementor-element-7a9c459 elementor-widget elementor-widget-text-editor\" data-id=\"7a9c459\" data-element_type=\"widget\" data-widget_type=\"text-editor.default\">\n\t\t\t\t<div class=\"elementor-widget-container\">\n\t\t\t<style>\/*! elementor - v3.14.0 - 26-06-2023 *\/\n.elementor-widget-text-editor.elementor-drop-cap-view-stacked .elementor-drop-cap{background-color:#69727d;color:#fff}.elementor-widget-text-editor.elementor-drop-cap-view-framed .elementor-drop-cap{color:#69727d;border:3px solid;background-color:transparent}.elementor-widget-text-editor:not(.elementor-drop-cap-view-default) .elementor-drop-cap{margin-top:8px}.elementor-widget-text-editor:not(.elementor-drop-cap-view-default) .elementor-drop-cap-letter{width:1em;height:1em}.elementor-widget-text-editor .elementor-drop-cap{float:left;text-align:center;line-height:1;font-size:50px}.elementor-widget-text-editor .elementor-drop-cap-letter{display:inline-block}<\/style>\t\t\t\t<p>Asans\u00f6r sekt\u00f6r\u00fcnde 20 y\u0131ll\u0131k tecr\u00fcbenin getirisi ile birlikte kurmu\u015f oldu\u011fumuz \u0130nterlift Elektronik firmam\u0131zda asans\u00f6r kumanda panosu alan\u0131nda hizmet vermekteyiz. Firmam\u0131z\u0131n b\u00fcnyesinde \u00e7al\u0131\u015fan minimum 10 y\u0131ll\u0131k tecr\u00fcbeli ekip arkada\u015flar\u0131m\u0131z ile \u00e7\u0131kt\u0131\u011f\u0131m\u0131z bu macerada T\u00fcrkiye pazar\u0131nda \u00f6nemli geli\u015fmelere imza atarak, alan\u0131m\u0131zda h\u0131zla geli\u015fmeye ve geli\u015ftirmeye devam etmekteyiz.<\/p><p>Bu do\u011frultuda uzun y\u0131llar s\u00fcren testler ve \u00e7al\u0131\u015fmalar\u0131m\u0131z sonucu <strong>\u201cFocus\u201d<\/strong> \u00fcr\u00fcn\u00fcm\u00fcz de\u011ferli m\u00fc\u015fterilerimize sunularak, T\u00fcrk ve D\u00fcnya asans\u00f6r sekt\u00f6r\u00fcnde \u00f6nemli geli\u015fmelere \u00f6nayak olacakt\u0131r. Focus asans\u00f6r kumanda sistemimizin yan\u0131 s\u0131ra <strong>Aybey, Arkel, Hedefsan, Konel, Mikrolift<\/strong> firmalar\u0131na ait asans\u00f6r kumanda panolar\u0131n\u0131 da \u00fcreten bir \u00fcretici firmay\u0131z. Tecr\u00fcbemizin getirisi sayesinde kolayl\u0131kla ula\u015fabilece\u011finiz teknik servis personelimiz ile servis hizmeti vermemizin yan\u0131 s\u0131ra, T\u00fcrkiye\u2019nin b\u00f6lgeleri fark etmeksizin her yerine saha destek ekip hizmetleri de vermekteyiz.\u00a0<\/p>\t\t\t\t\t\t<\/div>\n\t\t\t\t<\/div>\n\t\t\t\t\t<\/div>\n\t\t<\/div>\n\t\t\t\t\t\t\t<\/div>\n\t\t<\/section>\n\t\t\t\t\t\t\t<\/div>\n\t\t","protected":false},"excerpt":{"rendered":"<p>\u0130nterlift Elektronik San. Tic. Ltd. \u015eti Asans\u00f6r sekt\u00f6r\u00fcnde 20 y\u0131ll\u0131k tecr\u00fcbenin getirisi ile birlikte kurmu\u015f oldu\u011fumuz \u0130nterlift Elektronik firmam\u0131zda asans\u00f6r kumanda panosu alan\u0131nda hizmet vermekteyiz. Asans\u00f6r sekt\u00f6r\u00fcnde 20 y\u0131ll\u0131k tecr\u00fcbenin getirisi ile birlikte kurmu\u015f oldu\u011fumuz \u0130nterlift Elektronik firmam\u0131zda asans\u00f6r kumanda panosu alan\u0131nda hizmet vermekteyiz. Firmam\u0131z\u0131n b\u00fcnyesinde \u00e7al\u0131\u015fan minimum 10 y\u0131ll\u0131k tecr\u00fcbeli ekip arkada\u015flar\u0131m\u0131z ile \u00e7\u0131kt\u0131\u011f\u0131m\u0131z [&hellip;]<\/p>\n","protected":false},"author":1,"featured_media":0,"parent":0,"menu_order":0,"comment_status":"closed","ping_status":"closed","template":"","meta":{"footnotes":""},"class_list":["post-2688","page","type-page","status-publish","hentry"],"acf":[],"_links":{"self":[{"href":"https:\/\/www.interliftelektronik.com\/tr\/wp-json\/wp\/v2\/pages\/2688","targetHints":{"allow":["GET"]}}],"collection":[{"href":"https:\/\/www.interliftelektronik.com\/tr\/wp-json\/wp\/v2\/pages"}],"about":[{"href":"https:\/\/www.interliftelektronik.com\/tr\/wp-json\/wp\/v2\/types\/page"}],"author":[{"embeddable":true,"href":"https:\/\/www.interliftelektronik.com\/tr\/wp-json\/wp\/v2\/users\/1"}],"replies":[{"embeddable":true,"href":"https:\/\/www.interliftelektronik.com\/tr\/wp-json\/wp\/v2\/comments?post=2688"}],"version-history":[{"count":13,"href":"https:\/\/www.interliftelektronik.com\/tr\/wp-json\/wp\/v2\/pages\/2688\/revisions"}],"predecessor-version":[{"id":4322,"href":"https:\/\/www.interliftelektronik.com\/tr\/wp-json\/wp\/v2\/pages\/2688\/revisions\/4322"}],"wp:attachment":[{"href":"https:\/\/www.interliftelektronik.com\/tr\/wp-json\/wp\/v2\/media?parent=2688"}],"curies":[{"name":"wp","href":"https:\/\/api.w.org\/{rel}","templated":true}]}}